{"id":5,"date":"2021-12-31T01:28:54","date_gmt":"2021-12-31T00:28:54","guid":{"rendered":"http:\/\/www.w3design.fr\/?page_id=5"},"modified":"2025-12-15T00:16:07","modified_gmt":"2025-12-14T23:16:07","slug":"home","status":"publish","type":"page","link":"http:\/\/w3design.fr\/","title":{"rendered":"R\u00f4le du centre"},"content":{"rendered":"<div class=\"wp-block-image is-style-rounded\">\n<figure class=\"aligncenter size-large is-resized\"><img decoding=\"async\" src=\"https:\/\/s.w.org\/images\/core\/5.8\/portrait.jpg\" alt=\"Un portrait de profil d\u2019une femme portant un pull \u00e0 col roul\u00e9 ocre et un sac blanc. Elle regarde en l\u2019air et ferme les yeux.\" style=\"width:150px;height:150px\"\/><\/figure>\n<\/div>\n\n\n<blockquote class=\"wp-block-quote has-text-align-center is-style-large is-layout-flow wp-block-quote-is-layout-flow\">\n<p>\u00ab&nbsp;Contribuer me donne l\u2019impression d\u2019\u00eatre utile \u00e0 la plan\u00e8te&nbsp;\u00bb<\/p>\n<cite>\u2014 Sophie Dabess, <em>Cr\u00e9atrice<\/em><\/cite><\/blockquote>\n\n\n\n<hr class=\"wp-block-separator has-css-opacity is-style-default\"\/>\n","protected":false},"excerpt":{"rendered":"<p>\u00ab&nbsp;Contribuer me donne l\u2019impression d\u2019\u00eatre utile \u00e0 la plan\u00e8te&nbsp;\u00bb \u2014 Sophie Dabess, Cr\u00e9atrice<\/p>\n","protected":false},"author":1,"featured_media":0,"parent":0,"menu_order":0,"comment_status":"closed","ping_status":"closed","template":"","meta":{"footnotes":""},"class_list":["post-5","page","type-page","status-publish","hentry"],"_links":{"self":[{"href":"http:\/\/w3design.fr\/index.php?rest_route=\/wp\/v2\/pages\/5","targetHints":{"allow":["GET"]}}],"collection":[{"href":"http:\/\/w3design.fr\/index.php?rest_route=\/wp\/v2\/pages"}],"about":[{"href":"http:\/\/w3design.fr\/index.php?rest_route=\/wp\/v2\/types\/page"}],"author":[{"embeddable":true,"href":"http:\/\/w3design.fr\/index.php?rest_route=\/wp\/v2\/users\/1"}],"replies":[{"embeddable":true,"href":"http:\/\/w3design.fr\/index.php?rest_route=%2Fwp%2Fv2%2Fcomments&post=5"}],"version-history":[{"count":13,"href":"http:\/\/w3design.fr\/index.php?rest_route=\/wp\/v2\/pages\/5\/revisions"}],"predecessor-version":[{"id":955,"href":"http:\/\/w3design.fr\/index.php?rest_route=\/wp\/v2\/pages\/5\/revisions\/955"}],"wp:attachment":[{"href":"http:\/\/w3design.fr\/index.php?rest_route=%2Fwp%2Fv2%2Fmedia&parent=5"}],"curies":[{"name":"wp","href":"https:\/\/api.w.org\/{rel}","templated":true}]}}